{"id":3896,"date":"2021-01-18T15:11:50","date_gmt":"2021-01-18T14:11:50","guid":{"rendered":"http:\/\/fitonasalesbiopomata.multisite.aboca.com\/?page_id=3896"},"modified":"2021-07-08T17:42:29","modified_gmt":"2021-07-08T15:42:29","slug":"home","status":"publish","type":"page","link":"https:\/\/www.fitonasal.es\/biopomata\/","title":{"rendered":"Fitonasal Biopomada"},"content":{"rendered":"\n<h2 class=\"wp-block-heading\"><strong>Contrarresta la irritaci\u00f3n, protege tu nariz.<\/strong><\/h2>\n\n\n\n<div style=\"height:50px\" aria-hidden=\"true\" class=\"wp-block-spacer\"><\/div>\n\n\n\n<p>En cada una de las 20&nbsp;000 respiraciones que realizamos aproximadamente cada d\u00eda, nuestro organismo filtra, humidifica y calienta el aire a trav\u00e9s de la nariz.<br>Sin embargo, a veces la mucosa nasal puede irritarse desempe\u00f1ando esta funci\u00f3n.<\/p>\n\n\n\n<p><strong>Fitonasal BioPomada&nbsp;<\/strong>contrarresta la irritaci\u00f3n de la mucosa nasal, la protege y favorece su hidrataci\u00f3n y, en consecuencia, su regeneraci\u00f3n. Adem\u00e1s, al contrarrestar la irritaci\u00f3n, promueve el reequilibrio de la secreci\u00f3n del moco.<\/p>\n\n\n\n<p><strong>Para mantener la nariz despejada durante&nbsp;<\/strong><strong>m\u00e1s<\/strong><strong>&nbsp;tiempo.<\/strong><\/p>\n","protected":false},"excerpt":{"rendered":"<p>Contrarresta la irritaci\u00f3n, protege tu nariz. En cada una de las 20&nbsp;000 respiraciones que realizamos aproximadamente cada d\u00eda, nuestro organismo filtra, humidifica y calienta el aire a trav\u00e9s de la nariz.Sin embargo, a veces la mucosa nasal puede irritarse desempe\u00f1ando esta funci\u00f3n. Fitonasal BioPomada&nbsp;contrarresta la irritaci\u00f3n de la mucosa nasal, la protege y favorece su&#8230;  <a href=\"https:\/\/www.fitonasal.es\/biopomata\/\" class=\"more-link\" title=\"Read Fitonasal Biopomada\">Leggi tutto &raquo;<\/a><\/p>\n","protected":false},"author":2,"featured_media":0,"parent":0,"menu_order":0,"comment_status":"closed","ping_status":"closed","template":"","meta":{"footnotes":""},"class_list":["post-3896","page","type-page","status-publish","hentry"],"yoast_head":"<!-- This site is optimized with the Yoast SEO plugin v27.4 - https:\/\/yoast.com\/product\/yoast-seo-wordpress\/ -->\n<title>Fitonasal Biopomada<\/title>\n<meta name=\"description\" content=\"Fitonasal BioPomada contrarresta la irritaci\u00f3n de la mucosa nasal protegi\u00e9ndola y favoreciendo su hidrataci\u00f3n y, en consecuencia, su regeneraci\u00f3n.\" \/>\n<meta name=\"robots\" content=\"index, follow, max-snippet:-1, max-image-preview:large, max-video-preview:-1\" \/>\n<link rel=\"canonical\" href=\"https:\/\/www.fitonasal.es\/biopomata\/\" \/>\n<meta property=\"og:locale\" content=\"es_ES\" \/>\n<meta property=\"og:type\" content=\"article\" \/>\n<meta property=\"og:title\" content=\"Fitonasal Biopomada\" \/>\n<meta property=\"og:description\" content=\"Fitonasal BioPomada contrarresta la irritaci\u00f3n de la mucosa nasal protegi\u00e9ndola y favoreciendo su hidrataci\u00f3n y, en consecuencia, su regeneraci\u00f3n.\" \/>\n<meta property=\"og:url\" content=\"https:\/\/www.fitonasal.es\/biopomata\/\" \/>\n<meta property=\"og:site_name\" content=\"Fitonasal Biopomada\" \/>\n<meta property=\"article:modified_time\" content=\"2021-07-08T15:42:29+00:00\" \/>\n<meta name=\"twitter:card\" content=\"summary_large_image\" \/>\n<meta name=\"twitter:label1\" content=\"Tiempo de lectura\" \/>\n\t<meta name=\"twitter:data1\" content=\"1 minuto\" \/>\n<script type=\"application\/ld+json\" class=\"yoast-schema-graph\">{\"@context\":\"https:\\\/\\\/schema.org\",\"@graph\":[{\"@type\":\"WebPage\",\"@id\":\"https:\\\/\\\/www.fitonasal.es\\\/biopomata\\\/\",\"url\":\"https:\\\/\\\/www.fitonasal.es\\\/biopomata\\\/\",\"name\":\"Fitonasal Biopomada\",\"isPartOf\":{\"@id\":\"https:\\\/\\\/www.fitonasal.es\\\/biopomata\\\/#website\"},\"datePublished\":\"2021-01-18T14:11:50+00:00\",\"dateModified\":\"2021-07-08T15:42:29+00:00\",\"description\":\"Fitonasal BioPomada contrarresta la irritaci\u00f3n de la mucosa nasal protegi\u00e9ndola y favoreciendo su hidrataci\u00f3n y, en consecuencia, su regeneraci\u00f3n.\",\"breadcrumb\":{\"@id\":\"https:\\\/\\\/www.fitonasal.es\\\/biopomata\\\/#breadcrumb\"},\"inLanguage\":\"es\",\"potentialAction\":[{\"@type\":\"ReadAction\",\"target\":[\"https:\\\/\\\/www.fitonasal.es\\\/biopomata\\\/\"]}]},{\"@type\":\"BreadcrumbList\",\"@id\":\"https:\\\/\\\/www.fitonasal.es\\\/biopomata\\\/#breadcrumb\",\"itemListElement\":[{\"@type\":\"ListItem\",\"position\":1,\"name\":\"Home\",\"item\":\"https:\\\/\\\/www.fitonasal.es\\\/biopomata\\\/\"},{\"@type\":\"ListItem\",\"position\":2,\"name\":\"Fitonasal Biopomada\"}]},{\"@type\":\"WebSite\",\"@id\":\"https:\\\/\\\/www.fitonasal.es\\\/biopomata\\\/#website\",\"url\":\"https:\\\/\\\/www.fitonasal.es\\\/biopomata\\\/\",\"name\":\"Fitonasal Biopomada\",\"description\":\"Fitonasal BioPomada contrarresta la irritaci\u00f3n de la mucosa nasal protegi\u00e9ndola y favoreciendo su hidrataci\u00f3n y, en consecuencia, su regeneraci\u00f3n.\",\"potentialAction\":[{\"@type\":\"SearchAction\",\"target\":{\"@type\":\"EntryPoint\",\"urlTemplate\":\"https:\\\/\\\/www.fitonasal.es\\\/biopomata\\\/?s={search_term_string}\"},\"query-input\":{\"@type\":\"PropertyValueSpecification\",\"valueRequired\":true,\"valueName\":\"search_term_string\"}}],\"inLanguage\":\"es\"}]}<\/script>\n<!-- \/ Yoast SEO plugin. -->","yoast_head_json":{"title":"Fitonasal Biopomada","description":"Fitonasal BioPomada contrarresta la irritaci\u00f3n de la mucosa nasal protegi\u00e9ndola y favoreciendo su hidrataci\u00f3n y, en consecuencia, su regeneraci\u00f3n.","robots":{"index":"index","follow":"follow","max-snippet":"max-snippet:-1","max-image-preview":"max-image-preview:large","max-video-preview":"max-video-preview:-1"},"canonical":"https:\/\/www.fitonasal.es\/biopomata\/","og_locale":"es_ES","og_type":"article","og_title":"Fitonasal Biopomada","og_description":"Fitonasal BioPomada contrarresta la irritaci\u00f3n de la mucosa nasal protegi\u00e9ndola y favoreciendo su hidrataci\u00f3n y, en consecuencia, su regeneraci\u00f3n.","og_url":"https:\/\/www.fitonasal.es\/biopomata\/","og_site_name":"Fitonasal Biopomada","article_modified_time":"2021-07-08T15:42:29+00:00","twitter_card":"summary_large_image","twitter_misc":{"Tiempo de lectura":"1 minuto"},"schema":{"@context":"https:\/\/schema.org","@graph":[{"@type":"WebPage","@id":"https:\/\/www.fitonasal.es\/biopomata\/","url":"https:\/\/www.fitonasal.es\/biopomata\/","name":"Fitonasal Biopomada","isPartOf":{"@id":"https:\/\/www.fitonasal.es\/biopomata\/#website"},"datePublished":"2021-01-18T14:11:50+00:00","dateModified":"2021-07-08T15:42:29+00:00","description":"Fitonasal BioPomada contrarresta la irritaci\u00f3n de la mucosa nasal protegi\u00e9ndola y favoreciendo su hidrataci\u00f3n y, en consecuencia, su regeneraci\u00f3n.","breadcrumb":{"@id":"https:\/\/www.fitonasal.es\/biopomata\/#breadcrumb"},"inLanguage":"es","potentialAction":[{"@type":"ReadAction","target":["https:\/\/www.fitonasal.es\/biopomata\/"]}]},{"@type":"BreadcrumbList","@id":"https:\/\/www.fitonasal.es\/biopomata\/#breadcrumb","itemListElement":[{"@type":"ListItem","position":1,"name":"Home","item":"https:\/\/www.fitonasal.es\/biopomata\/"},{"@type":"ListItem","position":2,"name":"Fitonasal Biopomada"}]},{"@type":"WebSite","@id":"https:\/\/www.fitonasal.es\/biopomata\/#website","url":"https:\/\/www.fitonasal.es\/biopomata\/","name":"Fitonasal Biopomada","description":"Fitonasal BioPomada contrarresta la irritaci\u00f3n de la mucosa nasal protegi\u00e9ndola y favoreciendo su hidrataci\u00f3n y, en consecuencia, su regeneraci\u00f3n.","potentialAction":[{"@type":"SearchAction","target":{"@type":"EntryPoint","urlTemplate":"https:\/\/www.fitonasal.es\/biopomata\/?s={search_term_string}"},"query-input":{"@type":"PropertyValueSpecification","valueRequired":true,"valueName":"search_term_string"}}],"inLanguage":"es"}]}},"_links":{"self":[{"href":"https:\/\/www.fitonasal.es\/biopomata\/wp-json\/wp\/v2\/pages\/3896","targetHints":{"allow":["GET"]}}],"collection":[{"href":"https:\/\/www.fitonasal.es\/biopomata\/wp-json\/wp\/v2\/pages"}],"about":[{"href":"https:\/\/www.fitonasal.es\/biopomata\/wp-json\/wp\/v2\/types\/page"}],"author":[{"embeddable":true,"href":"https:\/\/www.fitonasal.es\/biopomata\/wp-json\/wp\/v2\/users\/2"}],"replies":[{"embeddable":true,"href":"https:\/\/www.fitonasal.es\/biopomata\/wp-json\/wp\/v2\/comments?post=3896"}],"version-history":[{"count":5,"href":"https:\/\/www.fitonasal.es\/biopomata\/wp-json\/wp\/v2\/pages\/3896\/revisions"}],"predecessor-version":[{"id":4098,"href":"https:\/\/www.fitonasal.es\/biopomata\/wp-json\/wp\/v2\/pages\/3896\/revisions\/4098"}],"wp:attachment":[{"href":"https:\/\/www.fitonasal.es\/biopomata\/wp-json\/wp\/v2\/media?parent=3896"}],"curies":[{"name":"wp","href":"https:\/\/api.w.org\/{rel}","templated":true}]}}