{"id":3904,"date":"2021-01-18T16:43:57","date_gmt":"2021-01-18T15:43:57","guid":{"rendered":"http:\/\/fitonasalesbiopomata.multisite.aboca.com\/?page_id=3904"},"modified":"2021-07-08T17:43:33","modified_gmt":"2021-07-08T15:43:33","slug":"nariz-irritada-por-que","status":"publish","type":"page","link":"https:\/\/www.fitonasal.es\/biopomata\/nariz-irritada-por-que\/","title":{"rendered":"Nariz irritada: \u00bfpor qu\u00e9?"},"content":{"rendered":"\n<h3 class=\"wp-block-heading\">La irritaci\u00f3n de la mucosa nasal<\/h3>\n\n\n\n<p>La nariz es una especie de guardi\u00e1n de nuestro organismo. Su interior est\u00e1 revestido con una mucosa que tiene la funci\u00f3n de \u00abfiltrar\u00bb el aire inspirado y de humidificarlo y calentarlo, todo ello para favorecer una correcta respiraci\u00f3n. A pesar de ello, algunas condiciones pueden alterar su funcionamiento (contacto con virus, bacterias, al\u00e9rgenos, polvo o contaminantes; patolog\u00edas como la rinosinusitis; el fr\u00edo o el uso de algunos tipos de medicamentos como antihistam\u00ednicos, antiinflamatorios y descongestionantes). Esto da lugar a una&nbsp;<strong>irritaci\u00f3n de la mucosa<\/strong>&nbsp;que se manifiesta con s\u00edntomas como&nbsp;<strong>rinorrea<\/strong>&nbsp;(conocida tambi\u00e9n como goteo nasal) y&nbsp;<strong>sequedad y atrofia de la mucosa<\/strong>.<\/p>\n\n\n\n<ul class=\"wp-block-list\"><li><strong>La rinorrea (goteo nasal)&nbsp;<\/strong>se caracteriza por una&nbsp;<strong>hipersecreci\u00f3n de moco&nbsp;<\/strong>y presencia de&nbsp;<strong>mucosa edematosa.<\/strong>&nbsp;Estos fen\u00f3menos son responsables de la molesta sensaci\u00f3n de \u00abnariz tapada\u00bb que acompa\u00f1a al&nbsp;<strong>resfriado<\/strong>&nbsp;<strong>com\u00fan y a las<\/strong>&nbsp;<strong>rinitis, incluso de tipo al\u00e9rgico<\/strong>.&nbsp;En estos casos, en primer lugar es necesario&nbsp;<strong>eliminar el moco<\/strong>: especialmente en el ni\u00f1o, es \u00fatil recurrir a los lavados nasales con soluciones salinas isot\u00f3nicas o hipert\u00f3nicas. En general, una vez liberada la nariz sigue siendo \u00fatil&nbsp;<strong>contrarrestar la inflamaci\u00f3n<\/strong>, porque es ella la responsable de la hipersecreci\u00f3n.<\/li><li>La&nbsp;<strong>sequedad<\/strong>&nbsp;y&nbsp;<strong>atrofia<\/strong>&nbsp;se caracterizan por una&nbsp;<strong>deshidrataci\u00f3n de la mucosa nasal&nbsp;<\/strong>percibida con sensaci\u00f3n de&nbsp;<strong>escozor y\/o dolor&nbsp;<\/strong>y a menudo acompa\u00f1ada de la&nbsp;<strong>formaci\u00f3n de postillas<\/strong>, cuya eliminaci\u00f3n puede provocar una ligera p\u00e9rdida de sangre. Pueden ser&nbsp;<strong>de tipo patol\u00f3gico&nbsp;<\/strong>(fase final de la rinorrea, formas particulares de rinitis vasomotora o al\u00e9rgica, rinosinusitis),&nbsp;<strong>estar vinculadas al uso de medicamentos&nbsp;<\/strong>(como descongestionantes nasales, antihistam\u00ednicos, corticoides, mucol\u00edticos) o&nbsp;<strong>derivar de factores ambientales y\/o comportamentales&nbsp;<\/strong>(permanencia en ambientes secos o con exceso de calefacci\u00f3n, actividades deportivas de larga duraci\u00f3n, etc.).<\/li><\/ul>\n","protected":false},"excerpt":{"rendered":"<p>La irritaci\u00f3n de la mucosa nasal La nariz es una especie de guardi\u00e1n de nuestro organismo. Su interior est\u00e1 revestido con una mucosa que tiene la funci\u00f3n de \u00abfiltrar\u00bb el aire inspirado y de humidificarlo y calentarlo, todo ello para favorecer una correcta respiraci\u00f3n. A pesar de ello, algunas condiciones pueden alterar su funcionamiento (contacto&#8230;  <a href=\"https:\/\/www.fitonasal.es\/biopomata\/nariz-irritada-por-que\/\" class=\"more-link\" title=\"Read Nariz irritada: \u00bfpor qu\u00e9?\">Leggi tutto &raquo;<\/a><\/p>\n","protected":false},"author":2,"featured_media":0,"parent":0,"menu_order":0,"comment_status":"closed","ping_status":"closed","template":"","meta":{"footnotes":""},"class_list":["post-3904","page","type-page","status-publish","hentry"],"yoast_head":"<!-- This site is optimized with the Yoast SEO plugin v27.4 - https:\/\/yoast.com\/product\/yoast-seo-wordpress\/ -->\n<title>Nariz irritada: \u00bfpor qu\u00e9? - Fitonasal Biopomada<\/title>\n<meta name=\"description\" content=\"Fitonasal BioPomada contrarresta la irritaci\u00f3n de la mucosa nasal protegi\u00e9ndola y favoreciendo su hidrataci\u00f3n y, en consecuencia, su regeneraci\u00f3n.\" \/>\n<meta name=\"robots\" content=\"index, follow, max-snippet:-1, max-image-preview:large, max-video-preview:-1\" \/>\n<link rel=\"canonical\" href=\"https:\/\/www.fitonasal.es\/biopomata\/nariz-irritada-por-que\/\" \/>\n<meta property=\"og:locale\" content=\"es_ES\" \/>\n<meta property=\"og:type\" content=\"article\" \/>\n<meta property=\"og:title\" content=\"Nariz irritada: \u00bfpor qu\u00e9? - Fitonasal Biopomada\" \/>\n<meta property=\"og:description\" content=\"Fitonasal BioPomada contrarresta la irritaci\u00f3n de la mucosa nasal protegi\u00e9ndola y favoreciendo su hidrataci\u00f3n y, en consecuencia, su regeneraci\u00f3n.\" \/>\n<meta property=\"og:url\" content=\"https:\/\/www.fitonasal.es\/biopomata\/nariz-irritada-por-que\/\" \/>\n<meta property=\"og:site_name\" content=\"Fitonasal Biopomada\" \/>\n<meta property=\"article:modified_time\" content=\"2021-07-08T15:43:33+00:00\" \/>\n<meta name=\"twitter:card\" content=\"summary_large_image\" \/>\n<meta name=\"twitter:label1\" content=\"Tiempo de lectura\" \/>\n\t<meta name=\"twitter:data1\" content=\"2 minutos\" \/>\n<script type=\"application\/ld+json\" class=\"yoast-schema-graph\">{\"@context\":\"https:\\\/\\\/schema.org\",\"@graph\":[{\"@type\":\"WebPage\",\"@id\":\"https:\\\/\\\/www.fitonasal.es\\\/biopomata\\\/nariz-irritada-por-que\\\/\",\"url\":\"https:\\\/\\\/www.fitonasal.es\\\/biopomata\\\/nariz-irritada-por-que\\\/\",\"name\":\"Nariz irritada: \u00bfpor qu\u00e9? - Fitonasal Biopomada\",\"isPartOf\":{\"@id\":\"https:\\\/\\\/www.fitonasal.es\\\/biopomata\\\/#website\"},\"datePublished\":\"2021-01-18T15:43:57+00:00\",\"dateModified\":\"2021-07-08T15:43:33+00:00\",\"description\":\"Fitonasal BioPomada contrarresta la irritaci\u00f3n de la mucosa nasal protegi\u00e9ndola y favoreciendo su hidrataci\u00f3n y, en consecuencia, su regeneraci\u00f3n.\",\"breadcrumb\":{\"@id\":\"https:\\\/\\\/www.fitonasal.es\\\/biopomata\\\/nariz-irritada-por-que\\\/#breadcrumb\"},\"inLanguage\":\"es\",\"potentialAction\":[{\"@type\":\"ReadAction\",\"target\":[\"https:\\\/\\\/www.fitonasal.es\\\/biopomata\\\/nariz-irritada-por-que\\\/\"]}]},{\"@type\":\"BreadcrumbList\",\"@id\":\"https:\\\/\\\/www.fitonasal.es\\\/biopomata\\\/nariz-irritada-por-que\\\/#breadcrumb\",\"itemListElement\":[{\"@type\":\"ListItem\",\"position\":1,\"name\":\"Home\",\"item\":\"https:\\\/\\\/www.fitonasal.es\\\/biopomata\\\/\"},{\"@type\":\"ListItem\",\"position\":2,\"name\":\"Nariz irritada: \u00bfpor qu\u00e9?\"}]},{\"@type\":\"WebSite\",\"@id\":\"https:\\\/\\\/www.fitonasal.es\\\/biopomata\\\/#website\",\"url\":\"https:\\\/\\\/www.fitonasal.es\\\/biopomata\\\/\",\"name\":\"Fitonasal Biopomada\",\"description\":\"Fitonasal BioPomada contrarresta la irritaci\u00f3n de la mucosa nasal protegi\u00e9ndola y favoreciendo su hidrataci\u00f3n y, en consecuencia, su regeneraci\u00f3n.\",\"potentialAction\":[{\"@type\":\"SearchAction\",\"target\":{\"@type\":\"EntryPoint\",\"urlTemplate\":\"https:\\\/\\\/www.fitonasal.es\\\/biopomata\\\/?s={search_term_string}\"},\"query-input\":{\"@type\":\"PropertyValueSpecification\",\"valueRequired\":true,\"valueName\":\"search_term_string\"}}],\"inLanguage\":\"es\"}]}<\/script>\n<!-- \/ Yoast SEO plugin. -->","yoast_head_json":{"title":"Nariz irritada: \u00bfpor qu\u00e9? - Fitonasal Biopomada","description":"Fitonasal BioPomada contrarresta la irritaci\u00f3n de la mucosa nasal protegi\u00e9ndola y favoreciendo su hidrataci\u00f3n y, en consecuencia, su regeneraci\u00f3n.","robots":{"index":"index","follow":"follow","max-snippet":"max-snippet:-1","max-image-preview":"max-image-preview:large","max-video-preview":"max-video-preview:-1"},"canonical":"https:\/\/www.fitonasal.es\/biopomata\/nariz-irritada-por-que\/","og_locale":"es_ES","og_type":"article","og_title":"Nariz irritada: \u00bfpor qu\u00e9? - Fitonasal Biopomada","og_description":"Fitonasal BioPomada contrarresta la irritaci\u00f3n de la mucosa nasal protegi\u00e9ndola y favoreciendo su hidrataci\u00f3n y, en consecuencia, su regeneraci\u00f3n.","og_url":"https:\/\/www.fitonasal.es\/biopomata\/nariz-irritada-por-que\/","og_site_name":"Fitonasal Biopomada","article_modified_time":"2021-07-08T15:43:33+00:00","twitter_card":"summary_large_image","twitter_misc":{"Tiempo de lectura":"2 minutos"},"schema":{"@context":"https:\/\/schema.org","@graph":[{"@type":"WebPage","@id":"https:\/\/www.fitonasal.es\/biopomata\/nariz-irritada-por-que\/","url":"https:\/\/www.fitonasal.es\/biopomata\/nariz-irritada-por-que\/","name":"Nariz irritada: \u00bfpor qu\u00e9? - Fitonasal Biopomada","isPartOf":{"@id":"https:\/\/www.fitonasal.es\/biopomata\/#website"},"datePublished":"2021-01-18T15:43:57+00:00","dateModified":"2021-07-08T15:43:33+00:00","description":"Fitonasal BioPomada contrarresta la irritaci\u00f3n de la mucosa nasal protegi\u00e9ndola y favoreciendo su hidrataci\u00f3n y, en consecuencia, su regeneraci\u00f3n.","breadcrumb":{"@id":"https:\/\/www.fitonasal.es\/biopomata\/nariz-irritada-por-que\/#breadcrumb"},"inLanguage":"es","potentialAction":[{"@type":"ReadAction","target":["https:\/\/www.fitonasal.es\/biopomata\/nariz-irritada-por-que\/"]}]},{"@type":"BreadcrumbList","@id":"https:\/\/www.fitonasal.es\/biopomata\/nariz-irritada-por-que\/#breadcrumb","itemListElement":[{"@type":"ListItem","position":1,"name":"Home","item":"https:\/\/www.fitonasal.es\/biopomata\/"},{"@type":"ListItem","position":2,"name":"Nariz irritada: \u00bfpor qu\u00e9?"}]},{"@type":"WebSite","@id":"https:\/\/www.fitonasal.es\/biopomata\/#website","url":"https:\/\/www.fitonasal.es\/biopomata\/","name":"Fitonasal Biopomada","description":"Fitonasal BioPomada contrarresta la irritaci\u00f3n de la mucosa nasal protegi\u00e9ndola y favoreciendo su hidrataci\u00f3n y, en consecuencia, su regeneraci\u00f3n.","potentialAction":[{"@type":"SearchAction","target":{"@type":"EntryPoint","urlTemplate":"https:\/\/www.fitonasal.es\/biopomata\/?s={search_term_string}"},"query-input":{"@type":"PropertyValueSpecification","valueRequired":true,"valueName":"search_term_string"}}],"inLanguage":"es"}]}},"_links":{"self":[{"href":"https:\/\/www.fitonasal.es\/biopomata\/wp-json\/wp\/v2\/pages\/3904","targetHints":{"allow":["GET"]}}],"collection":[{"href":"https:\/\/www.fitonasal.es\/biopomata\/wp-json\/wp\/v2\/pages"}],"about":[{"href":"https:\/\/www.fitonasal.es\/biopomata\/wp-json\/wp\/v2\/types\/page"}],"author":[{"embeddable":true,"href":"https:\/\/www.fitonasal.es\/biopomata\/wp-json\/wp\/v2\/users\/2"}],"replies":[{"embeddable":true,"href":"https:\/\/www.fitonasal.es\/biopomata\/wp-json\/wp\/v2\/comments?post=3904"}],"version-history":[{"count":5,"href":"https:\/\/www.fitonasal.es\/biopomata\/wp-json\/wp\/v2\/pages\/3904\/revisions"}],"predecessor-version":[{"id":4099,"href":"https:\/\/www.fitonasal.es\/biopomata\/wp-json\/wp\/v2\/pages\/3904\/revisions\/4099"}],"wp:attachment":[{"href":"https:\/\/www.fitonasal.es\/biopomata\/wp-json\/wp\/v2\/media?parent=3904"}],"curies":[{"name":"wp","href":"https:\/\/api.w.org\/{rel}","templated":true}]}}