{"id":3913,"date":"2021-01-19T09:57:30","date_gmt":"2021-01-19T08:57:30","guid":{"rendered":"http:\/\/fitonasalesbiopomata.multisite.aboca.com\/?page_id=3913"},"modified":"2026-01-13T13:38:47","modified_gmt":"2026-01-13T12:38:47","slug":"fitonasal-biopomada","status":"publish","type":"page","link":"https:\/\/www.fitonasal.es\/biopomata\/fitonasal-biopomada\/","title":{"rendered":"Fitonasal Biopomada"},"content":{"rendered":"\n<h3 class=\"wp-block-heading\">Contrarresta la irritaci\u00f3n protegiendo y regenerando la mucosa nasal y la zona perinasal<\/h3>\n\n\n\n<p><strong>Fitonasal<\/strong>&nbsp;<strong>Biopomada<\/strong>&nbsp;est\u00e1 indicado en caso de nariz irritada a causa de:<\/p>\n\n\n\n<ul class=\"wp-block-list\">\n<li>rinorrea (goteo nasal), debida a resfriado y a varias formas de rinitis;<\/li>\n\n\n\n<li>sequedad y atrofia de la mucosa nasal debidas a condiciones patol\u00f3gicas (como rinosinusitis, rinitis al\u00e9rgica, rinitis vasomotora); tratamientos farmacol\u00f3gicos (como descongestionantes, corticoides, antihistam\u00ednicos); contacto con agentes externos irritantes (como polvo, humo, contaminaci\u00f3n, p\u00f3lenes o microorganismos).<\/li>\n<\/ul>\n\n\n\n<p><strong>Fitonasal<\/strong>&nbsp;<strong>Biopomada<\/strong>&nbsp;tambi\u00e9n est\u00e1 indicado en los casos de irritaci\u00f3n, grietas y abrasiones de los orificios nasales y de la piel perinasal debidas al exceso de moco y al roce frecuente.&nbsp;<strong>Fitonasal<\/strong>&nbsp;<strong>Biopomada<\/strong>&nbsp;es \u00fatil como prevenci\u00f3n, en las condiciones que pueden provocar sequedad y antes de iniciar actividades deportivas de larga duraci\u00f3n.&nbsp; Puede utilizarse a partir del sexto mes de vida. El producto est\u00e1 formulado con ingredientes de Agricultura Biol\u00f3gica, no contiene eucaliptol ni mentol y puede ser utilizado incluso durante per\u00edodos prolongados. Proporciona una agradable sensaci\u00f3n de frescor.<\/p>\n\n\n\n<h3 class=\"wp-block-heading\">COMPOSICI\u00d3N<\/h3>\n\n\n\n<p>Sustancias funcionales:&nbsp;<strong>Redraphen<\/strong>, complejo molecular de resinas (de Incienso), polisac\u00e1ridos (de Aloe vera)*, Aceite de Jojoba*.<br>Contiene adem\u00e1s: agua, estearato de sacarosa, diestearato de sacarosa, estearato de glicerilo, alcohol cetoestear\u00edlico, triglic\u00e9rido capr\u00edlico\/c\u00e1prico, goma xantana, \u00e1cido c\u00edtrico, tocoferoles, silicato de sodio, alcohol benc\u00edlico, dehidroacetato de sodio, aceite de girasol y aceite esencial de flores de Lavanda.<br>*Ingrediente de Agricultura Biol\u00f3gica<\/p>\n\n\n\n<h3 class=\"wp-block-heading\">MODO DE EMPLEO<\/h3>\n\n\n\n<p>Se aconseja dosificar una cantidad adecuada de producto en el dedo en funci\u00f3n de la edad y del tama\u00f1o de los orificios nasales (un grano de caf\u00e9 para los adultos y la mitad para los ni\u00f1os aproximadamente). Aplicarlo en el interior del orificio nasal y realizar un masaje delicado con movimientos ascendentes. En caso de irritaci\u00f3n, grietas o peque\u00f1as abrasiones de la piel, aplicar el producto tambi\u00e9n alrededor de la nariz. Efectuar una limpieza meticulosa de la nariz antes de la aplicaci\u00f3n del producto (especialmente en los ni\u00f1os, realizando un lavado con aguas nasales). Repetir la aplicaci\u00f3n 3-4 veces al d\u00eda y especialmente por la noche, antes de acostarse. En caso de terapia con medicamentos como descongestionantes, corticoides y antihistam\u00ednicos, aplicar el producto 10-15 minutos despu\u00e9s del tratamiento farmacol\u00f3gico.<\/p>\n\n\n\n<h3 class=\"wp-block-heading\">ADVERTENCIAS<\/h3>\n\n\n\n<p>No utilizar en presencia de graves lesiones de la mucosa y epistaxis. No utilizar en caso de hipersensibilidad o alergia individual a uno o m\u00e1s componentes.<br>Conservar a temperatura ambiente, alejado de fuentes de calor y protegido de la luz. Mantener el producto fuera del alcance de los ni\u00f1os. La fecha de caducidad se refiere al producto sin abrir y correctamente conservado.<\/p>\n","protected":false},"excerpt":{"rendered":"<p>Contrarresta la irritaci\u00f3n protegiendo y regenerando la mucosa nasal y la zona perinasal Fitonasal&nbsp;Biopomada&nbsp;est\u00e1 indicado en caso de nariz irritada a causa de: Fitonasal&nbsp;Biopomada&nbsp;tambi\u00e9n est\u00e1 indicado en los casos de irritaci\u00f3n, grietas y abrasiones de los orificios nasales y de la piel perinasal debidas al exceso de moco y al roce frecuente.&nbsp;Fitonasal&nbsp;Biopomada&nbsp;es \u00fatil como prevenci\u00f3n,&#8230;  <a href=\"https:\/\/www.fitonasal.es\/biopomata\/fitonasal-biopomada\/\" class=\"more-link\" title=\"Read Fitonasal Biopomada\">Leggi tutto &raquo;<\/a><\/p>\n","protected":false},"author":2,"featured_media":0,"parent":0,"menu_order":0,"comment_status":"closed","ping_status":"closed","template":"","meta":{"footnotes":""},"class_list":["post-3913","page","type-page","status-publish","hentry"],"yoast_head":"<!-- This site is optimized with the Yoast SEO plugin v27.4 - https:\/\/yoast.com\/product\/yoast-seo-wordpress\/ -->\n<title>Fitonasal Biopomada - Fitonasal Biopomada<\/title>\n<meta name=\"description\" content=\"Fitonasal BioPomada contrarresta la irritaci\u00f3n de la mucosa nasal protegi\u00e9ndola y favoreciendo su hidrataci\u00f3n y, en consecuencia, su regeneraci\u00f3n.\" \/>\n<meta name=\"robots\" content=\"index, follow, max-snippet:-1, max-image-preview:large, max-video-preview:-1\" \/>\n<link rel=\"canonical\" href=\"https:\/\/www.fitonasal.es\/biopomata\/fitonasal-biopomada\/\" \/>\n<meta property=\"og:locale\" content=\"es_ES\" \/>\n<meta property=\"og:type\" content=\"article\" \/>\n<meta property=\"og:title\" content=\"Fitonasal Biopomada - Fitonasal Biopomada\" \/>\n<meta property=\"og:description\" content=\"Fitonasal BioPomada contrarresta la irritaci\u00f3n de la mucosa nasal protegi\u00e9ndola y favoreciendo su hidrataci\u00f3n y, en consecuencia, su regeneraci\u00f3n.\" \/>\n<meta property=\"og:url\" content=\"https:\/\/www.fitonasal.es\/biopomata\/fitonasal-biopomada\/\" \/>\n<meta property=\"og:site_name\" content=\"Fitonasal Biopomada\" \/>\n<meta property=\"article:modified_time\" content=\"2026-01-13T12:38:47+00:00\" \/>\n<meta name=\"twitter:card\" content=\"summary_large_image\" \/>\n<meta name=\"twitter:label1\" content=\"Tiempo de lectura\" \/>\n\t<meta name=\"twitter:data1\" content=\"3 minutos\" \/>\n<script type=\"application\/ld+json\" class=\"yoast-schema-graph\">{\"@context\":\"https:\\\/\\\/schema.org\",\"@graph\":[{\"@type\":\"WebPage\",\"@id\":\"https:\\\/\\\/www.fitonasal.es\\\/biopomata\\\/fitonasal-biopomada\\\/\",\"url\":\"https:\\\/\\\/www.fitonasal.es\\\/biopomata\\\/fitonasal-biopomada\\\/\",\"name\":\"Fitonasal Biopomada - Fitonasal Biopomada\",\"isPartOf\":{\"@id\":\"https:\\\/\\\/www.fitonasal.es\\\/biopomata\\\/#website\"},\"datePublished\":\"2021-01-19T08:57:30+00:00\",\"dateModified\":\"2026-01-13T12:38:47+00:00\",\"description\":\"Fitonasal BioPomada contrarresta la irritaci\u00f3n de la mucosa nasal protegi\u00e9ndola y favoreciendo su hidrataci\u00f3n y, en consecuencia, su regeneraci\u00f3n.\",\"breadcrumb\":{\"@id\":\"https:\\\/\\\/www.fitonasal.es\\\/biopomata\\\/fitonasal-biopomada\\\/#breadcrumb\"},\"inLanguage\":\"es\",\"potentialAction\":[{\"@type\":\"ReadAction\",\"target\":[\"https:\\\/\\\/www.fitonasal.es\\\/biopomata\\\/fitonasal-biopomada\\\/\"]}]},{\"@type\":\"BreadcrumbList\",\"@id\":\"https:\\\/\\\/www.fitonasal.es\\\/biopomata\\\/fitonasal-biopomada\\\/#breadcrumb\",\"itemListElement\":[{\"@type\":\"ListItem\",\"position\":1,\"name\":\"Home\",\"item\":\"https:\\\/\\\/www.fitonasal.es\\\/biopomata\\\/\"},{\"@type\":\"ListItem\",\"position\":2,\"name\":\"Fitonasal Biopomada\"}]},{\"@type\":\"WebSite\",\"@id\":\"https:\\\/\\\/www.fitonasal.es\\\/biopomata\\\/#website\",\"url\":\"https:\\\/\\\/www.fitonasal.es\\\/biopomata\\\/\",\"name\":\"Fitonasal Biopomada\",\"description\":\"Fitonasal BioPomada contrarresta la irritaci\u00f3n de la mucosa nasal protegi\u00e9ndola y favoreciendo su hidrataci\u00f3n y, en consecuencia, su regeneraci\u00f3n.\",\"potentialAction\":[{\"@type\":\"SearchAction\",\"target\":{\"@type\":\"EntryPoint\",\"urlTemplate\":\"https:\\\/\\\/www.fitonasal.es\\\/biopomata\\\/?s={search_term_string}\"},\"query-input\":{\"@type\":\"PropertyValueSpecification\",\"valueRequired\":true,\"valueName\":\"search_term_string\"}}],\"inLanguage\":\"es\"}]}<\/script>\n<!-- \/ Yoast SEO plugin. -->","yoast_head_json":{"title":"Fitonasal Biopomada - Fitonasal Biopomada","description":"Fitonasal BioPomada contrarresta la irritaci\u00f3n de la mucosa nasal protegi\u00e9ndola y favoreciendo su hidrataci\u00f3n y, en consecuencia, su regeneraci\u00f3n.","robots":{"index":"index","follow":"follow","max-snippet":"max-snippet:-1","max-image-preview":"max-image-preview:large","max-video-preview":"max-video-preview:-1"},"canonical":"https:\/\/www.fitonasal.es\/biopomata\/fitonasal-biopomada\/","og_locale":"es_ES","og_type":"article","og_title":"Fitonasal Biopomada - Fitonasal Biopomada","og_description":"Fitonasal BioPomada contrarresta la irritaci\u00f3n de la mucosa nasal protegi\u00e9ndola y favoreciendo su hidrataci\u00f3n y, en consecuencia, su regeneraci\u00f3n.","og_url":"https:\/\/www.fitonasal.es\/biopomata\/fitonasal-biopomada\/","og_site_name":"Fitonasal Biopomada","article_modified_time":"2026-01-13T12:38:47+00:00","twitter_card":"summary_large_image","twitter_misc":{"Tiempo de lectura":"3 minutos"},"schema":{"@context":"https:\/\/schema.org","@graph":[{"@type":"WebPage","@id":"https:\/\/www.fitonasal.es\/biopomata\/fitonasal-biopomada\/","url":"https:\/\/www.fitonasal.es\/biopomata\/fitonasal-biopomada\/","name":"Fitonasal Biopomada - Fitonasal Biopomada","isPartOf":{"@id":"https:\/\/www.fitonasal.es\/biopomata\/#website"},"datePublished":"2021-01-19T08:57:30+00:00","dateModified":"2026-01-13T12:38:47+00:00","description":"Fitonasal BioPomada contrarresta la irritaci\u00f3n de la mucosa nasal protegi\u00e9ndola y favoreciendo su hidrataci\u00f3n y, en consecuencia, su regeneraci\u00f3n.","breadcrumb":{"@id":"https:\/\/www.fitonasal.es\/biopomata\/fitonasal-biopomada\/#breadcrumb"},"inLanguage":"es","potentialAction":[{"@type":"ReadAction","target":["https:\/\/www.fitonasal.es\/biopomata\/fitonasal-biopomada\/"]}]},{"@type":"BreadcrumbList","@id":"https:\/\/www.fitonasal.es\/biopomata\/fitonasal-biopomada\/#breadcrumb","itemListElement":[{"@type":"ListItem","position":1,"name":"Home","item":"https:\/\/www.fitonasal.es\/biopomata\/"},{"@type":"ListItem","position":2,"name":"Fitonasal Biopomada"}]},{"@type":"WebSite","@id":"https:\/\/www.fitonasal.es\/biopomata\/#website","url":"https:\/\/www.fitonasal.es\/biopomata\/","name":"Fitonasal Biopomada","description":"Fitonasal BioPomada contrarresta la irritaci\u00f3n de la mucosa nasal protegi\u00e9ndola y favoreciendo su hidrataci\u00f3n y, en consecuencia, su regeneraci\u00f3n.","potentialAction":[{"@type":"SearchAction","target":{"@type":"EntryPoint","urlTemplate":"https:\/\/www.fitonasal.es\/biopomata\/?s={search_term_string}"},"query-input":{"@type":"PropertyValueSpecification","valueRequired":true,"valueName":"search_term_string"}}],"inLanguage":"es"}]}},"_links":{"self":[{"href":"https:\/\/www.fitonasal.es\/biopomata\/wp-json\/wp\/v2\/pages\/3913","targetHints":{"allow":["GET"]}}],"collection":[{"href":"https:\/\/www.fitonasal.es\/biopomata\/wp-json\/wp\/v2\/pages"}],"about":[{"href":"https:\/\/www.fitonasal.es\/biopomata\/wp-json\/wp\/v2\/types\/page"}],"author":[{"embeddable":true,"href":"https:\/\/www.fitonasal.es\/biopomata\/wp-json\/wp\/v2\/users\/2"}],"replies":[{"embeddable":true,"href":"https:\/\/www.fitonasal.es\/biopomata\/wp-json\/wp\/v2\/comments?post=3913"}],"version-history":[{"count":5,"href":"https:\/\/www.fitonasal.es\/biopomata\/wp-json\/wp\/v2\/pages\/3913\/revisions"}],"predecessor-version":[{"id":4116,"href":"https:\/\/www.fitonasal.es\/biopomata\/wp-json\/wp\/v2\/pages\/3913\/revisions\/4116"}],"wp:attachment":[{"href":"https:\/\/www.fitonasal.es\/biopomata\/wp-json\/wp\/v2\/media?parent=3913"}],"curies":[{"name":"wp","href":"https:\/\/api.w.org\/{rel}","templated":true}]}}